{"id":99,"date":"2023-11-23T12:59:17","date_gmt":"2023-11-23T11:59:17","guid":{"rendered":"https:\/\/gowa.de\/?page_id=99"},"modified":"2025-08-20T11:34:35","modified_gmt":"2025-08-20T09:34:35","slug":"detailverliebt","status":"publish","type":"page","link":"https:\/\/gowa.de\/?page_id=99","title":{"rendered":"DETAILVERLIEBT"},"content":{"rendered":"<section class=\"l-section wpb_row height_huge full_height valign_center width_full with_img\"><div class=\"l-section-img\" role=\"img\" data-img-width=\"2560\" data-img-height=\"2048\" style=\"background-image: url(https:\/\/gowa.de\/wp-content\/uploads\/2024\/09\/ketten-scaled-copy.jpg);\"><\/div><div class=\"l-section-overlay\" style=\"background:rgba(13,13,13,0.68)\"><\/div><div class=\"l-section-h i-cf\"><div class=\"g-cols vc_row via_grid cols_1 laptops-cols_inherit tablets-cols_inherit mobiles-cols_1 valign_top type_default stacking_default\"><div class=\"wpb_column vc_column_container\"><div class=\"vc_column-inner\"><div class=\"g-cols wpb_row us_custom_df7f25f5 via_grid cols_2 laptops-cols_inherit tablets-cols_inherit mobiles-cols_1 valign_top type_default stacking_default\" style=\"--gap:3rem;\"><div class=\"wpb_column vc_column_container\"><div class=\"vc_column-inner\"><div class=\"w-separator size_huge\"><\/div><div class=\"w-separator size_huge\"><\/div><div class=\"w-separator size_huge\"><\/div><div class=\"wpb_text_column\"><div class=\"wpb_wrapper\"><h1 style=\"text-align: center;\"><span style=\"color: #b4952c;\">DETAIL <span style=\"color: #ffffff;\">VERLIEBT<\/span><br \/>\n<\/span><\/h1>\n<\/div><\/div><\/div><\/div><div class=\"wpb_column vc_column_container\"><div class=\"vc_column-inner\"><\/div><\/div><\/div><div class=\"w-separator size_huge\"><\/div><div class=\"w-separator size_huge\"><\/div><div class=\"w-iconbox iconpos_top style_default color_primary align_center no_text no_title\"><a href=\"#section-01\" class=\"w-iconbox-link\" aria-label=\"fal|arrow-alt-circle-down\"><div class=\"w-iconbox-icon\" style=\"font-size:2rem;\"><i class=\"fal fa-arrow-alt-circle-down\"><\/i><\/div><\/a><div class=\"w-iconbox-meta\"><\/div><\/div><\/div><\/div><\/div><\/div><\/section><section class=\"l-section wpb_row height_medium\" id=\"section-01\"><div class=\"l-section-h i-cf\"><div class=\"g-cols vc_row via_grid cols_1 laptops-cols_inherit tablets-cols_inherit mobiles-cols_1 valign_top type_default stacking_default\"><div class=\"wpb_column vc_column_container\"><div class=\"vc_column-inner\"><div class=\"g-cols wpb_row via_grid cols_2 laptops-cols_inherit tablets-cols_inherit mobiles-cols_1 valign_top type_default\" style=\"--gap:6vh;\" id=\"oberflaechen\"><div class=\"wpb_column vc_column_container\"><div class=\"vc_column-inner\"><div class=\"w-image us_custom_9cf479d2 align_none\"><div class=\"w-image-h\"><img loading=\"lazy\" decoding=\"async\" width=\"1024\" height=\"586\" src=\"https:\/\/gowa.de\/wp-content\/uploads\/2024\/09\/GOWA_Saeurebad-2-1024x586.jpg\" class=\"attachment-large size-large\" alt=\"\" srcset=\"https:\/\/gowa.de\/wp-content\/uploads\/2024\/09\/GOWA_Saeurebad-2-1024x586.jpg 1024w, https:\/\/gowa.de\/wp-content\/uploads\/2024\/09\/GOWA_Saeurebad-2-300x172.jpg 300w, https:\/\/gowa.de\/wp-content\/uploads\/2024\/09\/GOWA_Saeurebad-2.jpg 2000w\" sizes=\"auto, (max-width: 1024px) 100vw, 1024px\" \/><\/div><\/div><div class=\"w-separator size_large\"><\/div><\/div><\/div><div class=\"wpb_column vc_column_container\"><div class=\"vc_column-inner\"><div class=\"wpb_text_column\"><div class=\"wpb_wrapper\"><h5 style=\"text-align: left;\">OBERFL\u00c4CHEN<br \/>\nNACH IHREN W\u00dcNSCHEN<\/h5>\n<\/div><\/div><div class=\"w-separator size_large\"><\/div><div class=\"wpb_text_column\"><div class=\"wpb_wrapper\"><p style=\"text-align: left;\">Der Vielfalt unseres Angebotes sind keine Grenzen gesetzt. Wir beschichten nach Ihren W\u00fcnschen. Fragen Sie nach einer Musterbearbeitung und Preisen.<\/p>\n<\/div><\/div><\/div><\/div><\/div><\/div><\/div><\/div><\/div><\/section><section class=\"l-section wpb_row height_medium\" id=\"section-01\"><div class=\"l-section-h i-cf\"><div class=\"g-cols vc_row via_grid cols_1 laptops-cols_inherit tablets-cols_inherit mobiles-cols_1 valign_top type_default stacking_default\"><div class=\"wpb_column vc_column_container\"><div class=\"vc_column-inner\"><div class=\"g-cols wpb_row via_grid cols_2 laptops-cols_inherit tablets-cols_inherit mobiles-cols_1 valign_top type_default\" style=\"--gap:6vh;\" id=\"loeten\"><div class=\"wpb_column vc_column_container\"><div class=\"vc_column-inner\"><div class=\"wpb_text_column\"><div class=\"wpb_wrapper\"><h5 style=\"text-align: right;\">L\u00d6TEN<\/h5>\n<\/div><\/div><div class=\"w-separator size_large\"><\/div><div class=\"wpb_text_column\"><div class=\"wpb_wrapper\"><p style=\"text-align: right;\">Wir k\u00f6nnen f\u00fcr Sie Weich- und Hartl\u00f6ten.<br \/>\nWas wir l\u00f6ten: Technische Teile f\u00fcr die Elektroindustrie.<\/p>\n<\/div><\/div><\/div><\/div><div class=\"wpb_column vc_column_container\"><div class=\"vc_column-inner\"><div class=\"w-image us_custom_9cf479d2 align_none\"><div class=\"w-image-h\"><img loading=\"lazy\" decoding=\"async\" width=\"1024\" height=\"683\" src=\"https:\/\/gowa.de\/wp-content\/uploads\/2024\/09\/GOWA_IdarOberstein-20-1024x683.jpg\" class=\"attachment-large size-large\" alt=\"\" srcset=\"https:\/\/gowa.de\/wp-content\/uploads\/2024\/09\/GOWA_IdarOberstein-20-1024x683.jpg 1024w, https:\/\/gowa.de\/wp-content\/uploads\/2024\/09\/GOWA_IdarOberstein-20-300x200.jpg 300w\" sizes=\"auto, (max-width: 1024px) 100vw, 1024px\" \/><\/div><\/div><div class=\"w-separator size_large\"><\/div><\/div><\/div><\/div><div class=\"g-cols wpb_row via_grid cols_2 laptops-cols_inherit tablets-cols_inherit mobiles-cols_1 valign_top type_default\" style=\"--gap:6vh;\" id=\"schmuck\"><div class=\"wpb_column vc_column_container\"><div class=\"vc_column-inner\"><div class=\"w-image us_custom_9cf479d2 align_none\"><div class=\"w-image-h\"><img loading=\"lazy\" decoding=\"async\" width=\"1000\" height=\"667\" src=\"https:\/\/gowa.de\/wp-content\/uploads\/2023\/11\/SchattelenKnopf2-Kopie.jpg\" class=\"attachment-large size-large\" alt=\"\" srcset=\"https:\/\/gowa.de\/wp-content\/uploads\/2023\/11\/SchattelenKnopf2-Kopie.jpg 1000w, https:\/\/gowa.de\/wp-content\/uploads\/2023\/11\/SchattelenKnopf2-Kopie-300x200.jpg 300w\" sizes=\"auto, (max-width: 1000px) 100vw, 1000px\" \/><\/div><\/div><\/div><\/div><div class=\"wpb_column vc_column_container\"><div class=\"vc_column-inner\"><div class=\"wpb_text_column us_custom_3a16f79d has_text_color\"><div class=\"wpb_wrapper\"><h5>Schmuckteile<\/h5>\n<p>Wir k\u00f6nnen Modeschmuck in verschiedenen Ausf\u00fchrungen, L\u00e4ngen und Breiten herstellen. Aus Messing vergoldet, versilbert, wei\u00dfbronziert, rhodiniert, pallatiert oder aus Edelstahl.<\/p>\n<p>Sprechen Sie uns einfach an!<\/p>\n<\/div><\/div><\/div><\/div><\/div><\/div><\/div><\/div><\/div><\/section><section class=\"l-section wpb_row height_medium\" id=\"section-01\"><div class=\"l-section-h i-cf\"><div class=\"g-cols vc_row via_grid cols_1 laptops-cols_inherit tablets-cols_inherit mobiles-cols_1 valign_top type_default stacking_default\"><div class=\"wpb_column vc_column_container\"><div class=\"vc_column-inner\"><div class=\"g-cols wpb_row via_grid cols_2 laptops-cols_inherit tablets-cols_inherit mobiles-cols_1 valign_top type_default\" style=\"--gap:6vh;\" id=\"aufbereitung\"><div class=\"wpb_column vc_column_container\"><div class=\"vc_column-inner\"><div class=\"wpb_text_column\"><div class=\"wpb_wrapper\"><h5 style=\"text-align: right;\">AUFARBEITUNGEN \u2013<br \/>\nAUS ALT MACH\u2018 NEU!<\/h5>\n<\/div><\/div><div class=\"w-separator size_large\"><\/div><div class=\"wpb_text_column\"><div class=\"wpb_wrapper\"><p style=\"text-align: right;\">Wir bringen altes Besteck wieder zum Gl\u00e4nzen! Egal ob liturgische Artikel oder Kerzenst\u00e4nder \u2013 Politur und Neugalvanik von Kelchen, Ciborien, Monstranzen und vieles mehr. Wir arbeiten wieder auf, was Ihnen am Herzen liegt.<\/p>\n<\/div><\/div><div class=\"w-separator size_large\"><\/div><\/div><\/div><div class=\"wpb_column vc_column_container\"><div class=\"vc_column-inner\"><div class=\"w-image us_custom_9cf479d2 align_none\"><div class=\"w-image-h\"><img loading=\"lazy\" decoding=\"async\" width=\"1024\" height=\"819\" src=\"https:\/\/gowa.de\/wp-content\/uploads\/2023\/11\/aufarbeitung-1024x819.jpg\" class=\"attachment-large size-large\" alt=\"\" srcset=\"https:\/\/gowa.de\/wp-content\/uploads\/2023\/11\/aufarbeitung-1024x819.jpg 1024w, https:\/\/gowa.de\/wp-content\/uploads\/2023\/11\/aufarbeitung-300x240.jpg 300w\" sizes=\"auto, (max-width: 1024px) 100vw, 1024px\" \/><\/div><\/div><\/div><\/div><\/div><\/div><\/div><\/div><\/div><\/section><section class=\"l-section wpb_row height_medium\" id=\"section-01\"><div class=\"l-section-h i-cf\"><div class=\"g-cols vc_row via_grid cols_1 laptops-cols_inherit tablets-cols_inherit mobiles-cols_1 valign_top type_default stacking_default\"><div class=\"wpb_column vc_column_container\"><div class=\"vc_column-inner\"><div class=\"g-cols wpb_row via_grid cols_2 laptops-cols_inherit tablets-cols_inherit mobiles-cols_1 valign_top type_default\" style=\"--gap:6vh;\" id=\"zunft\"><div class=\"wpb_column vc_column_container\"><div class=\"vc_column-inner\"><div class=\"w-image us_custom_9cf479d2 align_none\"><div class=\"w-image-h\"><img loading=\"lazy\" decoding=\"async\" width=\"1024\" height=\"582\" src=\"https:\/\/gowa.de\/wp-content\/uploads\/2025\/04\/zunftschmuck-1024x582.jpg\" class=\"attachment-large size-large\" alt=\"\" srcset=\"https:\/\/gowa.de\/wp-content\/uploads\/2025\/04\/zunftschmuck-1024x582.jpg 1024w, https:\/\/gowa.de\/wp-content\/uploads\/2025\/04\/zunftschmuck-300x170.jpg 300w\" sizes=\"auto, (max-width: 1024px) 100vw, 1024px\" \/><\/div><\/div><div class=\"w-separator size_large\"><\/div><\/div><\/div><div class=\"wpb_column vc_column_container\"><div class=\"vc_column-inner\"><div class=\"wpb_text_column\"><div class=\"wpb_wrapper\"><h5 style=\"text-align: left;\">Zunftschmuck<\/h5>\n<\/div><\/div><div class=\"w-separator size_large\"><\/div><div class=\"wpb_text_column\"><div class=\"wpb_wrapper\"><p style=\"text-align: left;\">Seit Jahrzehnten sind wir der Hersteller f\u00fcr hochwertigen Zunftschmuck &#8222;Made in Germany&#8220;.<\/p>\n<\/div><\/div><\/div><\/div><\/div><\/div><\/div><\/div><\/div><\/section><section class=\"l-section wpb_row height_medium\" id=\"section-01\"><div class=\"l-section-h i-cf\"><div class=\"g-cols vc_row via_grid cols_1 laptops-cols_inherit tablets-cols_inherit mobiles-cols_1 valign_top type_default stacking_default\"><div class=\"wpb_column vc_column_container\"><div class=\"vc_column-inner\"><div class=\"g-cols wpb_row via_grid cols_2 laptops-cols_inherit tablets-cols_inherit mobiles-cols_1 valign_top type_default\" style=\"--gap:6vh;\" id=\"ketten\"><div class=\"wpb_column vc_column_container\"><div class=\"vc_column-inner\"><div class=\"wpb_text_column\"><div class=\"wpb_wrapper\"><h5 style=\"text-align: right;\">KETTEN<\/h5>\n<\/div><\/div><div class=\"w-separator size_large\"><\/div><div class=\"wpb_text_column\"><div class=\"wpb_wrapper\"><p style=\"text-align: right;\">Wir stellen Ketten fu\u0308r Taschen- und Anh\u00e4ngeuhren, Brillenketten, Schwesternbroschen und Modeschmuck in verschiedensten Ausfu\u0308hrungen, allen L\u00e4ngen und Breiten her.<\/p>\n<p style=\"text-align: right;\">Aus Messing, vergoldet, versilbert, wei\u00dfbronziert, rhodiniert, pallatiert oder aus Edelstahl.<\/p>\n<\/div><\/div><div class=\"w-separator size_large\"><\/div><\/div><\/div><div class=\"wpb_column vc_column_container\"><div class=\"vc_column-inner\"><div class=\"w-image us_custom_9cf479d2 align_none\"><div class=\"w-image-h\"><img loading=\"lazy\" decoding=\"async\" width=\"1024\" height=\"810\" src=\"https:\/\/gowa.de\/wp-content\/uploads\/2023\/11\/Kettenlinks_komp-1024x810.jpg\" class=\"attachment-large size-large\" alt=\"\" srcset=\"https:\/\/gowa.de\/wp-content\/uploads\/2023\/11\/Kettenlinks_komp-1024x810.jpg 1024w, https:\/\/gowa.de\/wp-content\/uploads\/2023\/11\/Kettenlinks_komp-300x237.jpg 300w, https:\/\/gowa.de\/wp-content\/uploads\/2023\/11\/Kettenlinks_komp.jpg 1650w\" sizes=\"auto, (max-width: 1024px) 100vw, 1024px\" \/><\/div><\/div><\/div><\/div><\/div><\/div><\/div><\/div><\/div><\/section>\n","protected":false},"excerpt":{"rendered":"DETAIL VERLIEBT OBERFL\u00c4CHEN NACH IHREN W\u00dcNSCHEN Der Vielfalt unseres Angebotes sind keine Grenzen gesetzt. Wir beschichten nach Ihren W\u00fcnschen. Fragen Sie nach einer Musterbearbeitung und Preisen. L\u00d6TEN Wir k\u00f6nnen f\u00fcr Sie Weich- und Hartl\u00f6ten. Was wir l\u00f6ten: Technische Teile f\u00fcr die Elektroindustrie. Schmuckteile Wir k\u00f6nnen Modeschmuck in verschiedenen Ausf\u00fchrungen, L\u00e4ngen und Breiten herstellen. Aus Messing...","protected":false},"author":1,"featured_media":0,"parent":0,"menu_order":0,"comment_status":"closed","ping_status":"closed","template":"","meta":{"_acf_changed":false,"footnotes":""},"class_list":["post-99","page","type-page","status-publish","hentry"],"acf":[],"_links":{"self":[{"href":"https:\/\/gowa.de\/index.php?rest_route=\/wp\/v2\/pages\/99","targetHints":{"allow":["GET"]}}],"collection":[{"href":"https:\/\/gowa.de\/index.php?rest_route=\/wp\/v2\/pages"}],"about":[{"href":"https:\/\/gowa.de\/index.php?rest_route=\/wp\/v2\/types\/page"}],"author":[{"embeddable":true,"href":"https:\/\/gowa.de\/index.php?rest_route=\/wp\/v2\/users\/1"}],"replies":[{"embeddable":true,"href":"https:\/\/gowa.de\/index.php?rest_route=%2Fwp%2Fv2%2Fcomments&post=99"}],"version-history":[{"count":10,"href":"https:\/\/gowa.de\/index.php?rest_route=\/wp\/v2\/pages\/99\/revisions"}],"predecessor-version":[{"id":372,"href":"https:\/\/gowa.de\/index.php?rest_route=\/wp\/v2\/pages\/99\/revisions\/372"}],"wp:attachment":[{"href":"https:\/\/gowa.de\/index.php?rest_route=%2Fwp%2Fv2%2Fmedia&parent=99"}],"curies":[{"name":"wp","href":"https:\/\/api.w.org\/{rel}","templated":true}]}}