{"id":55,"date":"2023-11-16T13:25:23","date_gmt":"2023-11-16T12:25:23","guid":{"rendered":"https:\/\/gowa.de\/?page_id=55"},"modified":"2025-05-22T09:56:02","modified_gmt":"2025-05-22T07:56:02","slug":"unternehmen","status":"publish","type":"page","link":"https:\/\/gowa.de\/?page_id=55","title":{"rendered":"Unternehmen"},"content":{"rendered":"<section class=\"l-section wpb_row height_huge full_height valign_center width_full with_img\"><div class=\"l-section-img\" role=\"img\" data-img-width=\"1795\" data-img-height=\"1345\" style=\"background-image: url(https:\/\/gowa.de\/wp-content\/uploads\/2023\/11\/Gebaeude.jpg);\"><\/div><div class=\"l-section-overlay\" style=\"background:rgba(13,13,13,0.68)\"><\/div><div class=\"l-section-h i-cf\"><div class=\"g-cols vc_row via_grid cols_1 laptops-cols_inherit tablets-cols_inherit mobiles-cols_1 valign_top type_default stacking_default\"><div class=\"wpb_column vc_column_container\"><div class=\"vc_column-inner\"><div class=\"g-cols wpb_row us_custom_df7f25f5 via_grid cols_2 laptops-cols_inherit tablets-cols_inherit mobiles-cols_1 valign_top type_default stacking_default\" style=\"--gap:3rem;\"><div class=\"wpb_column vc_column_container\"><div class=\"vc_column-inner\"><div class=\"w-separator size_huge\"><\/div><div class=\"w-separator size_huge\"><\/div><div class=\"w-separator size_huge\"><\/div><div class=\"wpb_text_column\"><div class=\"wpb_wrapper\"><h1 style=\"text-align: center;\"><span style=\"color: #b4952c;\"><span style=\"color: #ffffff;\">SEIT<\/span> 1866<br \/>\n<\/span><\/h1>\n<\/div><\/div><\/div><\/div><div class=\"wpb_column vc_column_container\"><div class=\"vc_column-inner\"><div class=\"wpb_text_column\"><div class=\"wpb_wrapper\"><p><img loading=\"lazy\" decoding=\"async\" class=\"alignnone wp-image-59\" src=\"https:\/\/gowa.de\/wp-content\/uploads\/2023\/11\/gowa_Urkunde02_gold-Kopie-300x282.png\" alt=\"\" width=\"695\" height=\"654\" srcset=\"https:\/\/gowa.de\/wp-content\/uploads\/2023\/11\/gowa_Urkunde02_gold-Kopie-300x282.png 300w, https:\/\/gowa.de\/wp-content\/uploads\/2023\/11\/gowa_Urkunde02_gold-Kopie-1024x963.png 1024w, https:\/\/gowa.de\/wp-content\/uploads\/2023\/11\/gowa_Urkunde02_gold-Kopie.png 1152w\" sizes=\"auto, (max-width: 695px) 100vw, 695px\" \/><\/p>\n<\/div><\/div><\/div><\/div><\/div><div class=\"w-separator size_huge\"><\/div><div class=\"w-separator size_huge\"><\/div><div class=\"w-iconbox iconpos_top style_default color_primary align_center no_text no_title\"><a href=\"#section-01\" class=\"w-iconbox-link\" aria-label=\"fal|arrow-alt-circle-down\"><div class=\"w-iconbox-icon\" style=\"font-size:2rem;\"><i class=\"fal fa-arrow-alt-circle-down\"><\/i><\/div><\/a><div class=\"w-iconbox-meta\"><\/div><\/div><\/div><\/div><\/div><\/div><\/section><section class=\"l-section wpb_row height_medium\" id=\"section-01\"><div class=\"l-section-h i-cf\"><div class=\"g-cols vc_row via_grid cols_1 laptops-cols_inherit tablets-cols_inherit mobiles-cols_1 valign_top type_default stacking_default\"><div class=\"wpb_column vc_column_container\"><div class=\"vc_column-inner\"><div class=\"g-cols wpb_row via_grid cols_2 laptops-cols_inherit tablets-cols_inherit mobiles-cols_1 valign_top type_default\" style=\"--gap:6vh;\"><div class=\"wpb_column vc_column_container\"><div class=\"vc_column-inner\"><div class=\"wpb_text_column\"><div class=\"wpb_wrapper\"><h5 style=\"text-align: right;\">EINE GL\u00c4NZENDE<br \/>\nVERBINDUNG<\/h5>\n<\/div><\/div><\/div><\/div><div class=\"wpb_column vc_column_container\"><div class=\"vc_column-inner\"><div class=\"wpb_text_column\"><div class=\"wpb_wrapper\"><p>Das Unternehmen Gottlieb &amp; Wagner wurde 1866 gegr\u00fcndet. Lange Zeit wurde Modeschmuck hergestellt und weltweit verkauft.<\/p>\n<p>Heute liegt unser Schwerpunkt in der Oberfl\u00e4chenveredelung f\u00fcr die Elektroindustrie und Schmuckbranche. Aber auch Orden, M\u00fcnzen und Ronden werden mit der gew\u00fcnschten Galvanikschicht versehen.<\/p>\n<p>Bis heute sch\u00e4tzen unsere Kunden die zuverl\u00e4ssige Bearbeitung Ihrer Produkte. Wir sind ein zertifiziertes Unternehmen und arbeiten vertrauensvoll mit Ihnen zusammen.<\/p>\n<\/div><\/div><\/div><\/div><\/div><\/div><\/div><\/div><\/div><\/section><section class=\"l-section wpb_row height_medium\"><div class=\"l-section-h i-cf\"><div class=\"g-cols vc_row via_grid cols_1 laptops-cols_inherit tablets-cols_inherit mobiles-cols_1 valign_top type_default stacking_default\"><div class=\"wpb_column vc_column_container\"><div class=\"vc_column-inner\"><div class=\"g-cols wpb_row via_grid cols_2 laptops-cols_inherit tablets-cols_inherit mobiles-cols_1 valign_top type_default stacking_default\" style=\"--gap:2rem;\"><div class=\"wpb_column vc_column_container us_custom_514cb62d us_animate_this has_bg_color\"><div class=\"vc_column-inner\"><div class=\"w-separator size_large\"><\/div><div class=\"w-separator size_large\"><\/div><div class=\"w-separator size_large\"><\/div><div class=\"w-separator size_large\"><\/div><div class=\"w-separator size_large\"><\/div><\/div><\/div><div class=\"wpb_column vc_column_container us_custom_6afa5f97 us_animate_this has_bg_color\"><div class=\"vc_column-inner\"><div class=\"w-separator size_large\"><\/div><div class=\"w-separator size_large\"><\/div><div class=\"w-separator size_large\"><\/div><div class=\"w-separator size_large\"><\/div><div class=\"w-separator size_large\"><\/div><\/div><\/div><\/div><div class=\"w-separator size_small\"><\/div><div class=\"g-cols wpb_row us_custom_c0a2dde0 us_animate_this via_grid cols_1 laptops-cols_inherit tablets-cols_inherit mobiles-cols_1 valign_top type_default stacking_default\" style=\"--gap:2rem;\"><div class=\"wpb_column vc_column_container us_custom_9218ce91 has_bg_color\"><div class=\"vc_column-inner\"><div class=\"w-separator size_large\"><\/div><div class=\"w-separator size_large\"><\/div><div class=\"w-separator size_large\"><\/div><div class=\"w-separator size_large\"><\/div><div class=\"w-separator size_large\"><\/div><\/div><\/div><\/div><\/div><\/div><\/div><\/div><\/section><section class=\"l-section wpb_row us_custom_5b82bc21 height_medium\"><div class=\"l-section-h i-cf\"><div class=\"g-cols vc_row via_grid cols_1 laptops-cols_inherit tablets-cols_inherit mobiles-cols_1 valign_top type_default stacking_default\"><div class=\"wpb_column vc_column_container\"><div class=\"vc_column-inner\"><div class=\"g-cols wpb_row via_grid cols_2 laptops-cols_inherit tablets-cols_inherit mobiles-cols_1 valign_top type_default stacking_default\" style=\"--gap:2rem;\"><div class=\"wpb_column vc_column_container us_custom_6a8269ea\"><div class=\"vc_column-inner\"><div class=\"wpb_text_column\"><div class=\"wpb_wrapper\"><h5 style=\"text-align: right;\">HAND IN HAND,<br \/>\nFLEXIBLER WORKFLOW<\/h5>\n<\/div><\/div><div class=\"w-separator size_large\"><\/div><\/div><\/div><div class=\"wpb_column vc_column_container us_custom_33a5278b has_bg_color\"><div class=\"vc_column-inner\"><div class=\"wpb_text_column us_custom_8b3d6790 has_text_color\"><div class=\"wpb_wrapper\"><p>Unsere langj\u00e4hrigen, fachkompetenten Mitarbeiter arbeiten Hand in Hand. Ebenso legen wir unseren Fokus auf handwerkliche, nicht nur automatisierte Arbeitsprozesse, dadurch sind wir in unseren Produktionsprozessen sehr flexibel und k\u00f6nnen speziell auf Ihre Wu\u0308nsche eingehen.<\/p>\n<\/div><\/div><\/div><\/div><\/div><div class=\"w-separator size_small\"><\/div><\/div><\/div><\/div><\/div><\/section><section class=\"l-section wpb_row us_custom_79a37aa9 height_medium with_img\"><div class=\"l-section-img\" role=\"img\" data-img-width=\"2000\" data-img-height=\"1144\" style=\"background-image: url(https:\/\/gowa.de\/wp-content\/uploads\/2024\/09\/GOWA_Saeurebad.jpg);\"><\/div><div class=\"l-section-h i-cf\"><div class=\"g-cols vc_row via_grid cols_1 laptops-cols_inherit tablets-cols_inherit mobiles-cols_1 valign_top type_default stacking_default\"><div class=\"wpb_column vc_column_container\"><div class=\"vc_column-inner\"><div class=\"w-separator size_huge\"><\/div><div class=\"w-separator size_huge\"><\/div><div class=\"w-separator size_huge\"><\/div><div class=\"w-separator size_huge\"><\/div><div class=\"w-separator size_huge\"><\/div><\/div><\/div><\/div><\/div><\/section><section class=\"l-section wpb_row us_custom_98b42ca0 height_medium\"><div class=\"l-section-overlay\" style=\"background:rgba(255,255,255,0.70)\"><\/div><div class=\"l-section-h i-cf\"><div class=\"g-cols vc_row via_grid cols_1 laptops-cols_inherit tablets-cols_inherit mobiles-cols_1 valign_top type_default stacking_default\"><div class=\"wpb_column vc_column_container\"><div class=\"vc_column-inner\"><div class=\"g-cols wpb_row via_grid cols_2 laptops-cols_inherit tablets-cols_inherit mobiles-cols_1 valign_top type_default stacking_default\" style=\"--gap:2rem;\"><div class=\"wpb_column vc_column_container us_custom_6a8269ea\"><div class=\"vc_column-inner\"><div class=\"wpb_text_column\"><div class=\"wpb_wrapper\"><h5 style=\"text-align: right;\"><strong>JUBIL\u00c4UM 2016:<\/strong><br \/>\n<strong>150 JAHRE GOTTLIEB UND WAGNER<\/strong><\/h5>\n<\/div><\/div><div class=\"w-separator size_large\"><\/div><\/div><\/div><div class=\"wpb_column vc_column_container us_custom_33a5278b has_bg_color\"><div class=\"vc_column-inner\"><div class=\"wpb_text_column us_custom_8b3d6790 has_text_color\"><div class=\"wpb_wrapper\"><p>Im September 2016 durften wir unser 150-j\u00e4hriges Firmenjubil\u00e4um feiern. Wir danken an dieser Stelle vor allem unserem ehemaligen Firmeninhaber Horst Wagner, der im Jahr 2021 leider pl\u00f6tzlich und unerwartet verstarb. Sein humorvoller und vorausblickender Fu\u0308hrungsstil pr\u00e4gt bis heute unser Unternehmen.<\/p>\n<\/div><\/div><\/div><\/div><\/div><div class=\"w-separator size_huge\"><\/div><div class=\"w-separator size_medium\"><\/div><div class=\"g-cols wpb_row us_custom_85bd25bb via_grid cols_1 laptops-cols_inherit tablets-cols_inherit mobiles-cols_1 valign_top type_default stacking_default\" style=\"--gap:3rem;\"><div class=\"wpb_column vc_column_container\"><div class=\"vc_column-inner\"><div class=\"wpb_text_column\"><div class=\"wpb_wrapper\"><p><img loading=\"lazy\" decoding=\"async\" class=\"size-full wp-image-254 aligncenter\" src=\"https:\/\/gowa.de\/wp-content\/uploads\/2024\/09\/wagner.jpg\" alt=\"\" width=\"295\" height=\"204\" \/><\/p>\n<\/div><\/div><\/div><\/div><\/div><\/div><\/div><\/div><\/div><\/section>\n","protected":false},"excerpt":{"rendered":"SEIT 1866 EINE GL\u00c4NZENDE VERBINDUNG Das Unternehmen Gottlieb &amp; Wagner wurde 1866 gegr\u00fcndet. Lange Zeit wurde Modeschmuck hergestellt und weltweit verkauft. Heute liegt unser Schwerpunkt in der Oberfl\u00e4chenveredelung f\u00fcr die Elektroindustrie und Schmuckbranche. Aber auch Orden, M\u00fcnzen und Ronden werden mit der gew\u00fcnschten Galvanikschicht versehen. Bis heute sch\u00e4tzen unsere Kunden die zuverl\u00e4ssige Bearbeitung Ihrer Produkte....","protected":false},"author":1,"featured_media":0,"parent":0,"menu_order":0,"comment_status":"closed","ping_status":"closed","template":"","meta":{"_acf_changed":false,"footnotes":""},"class_list":["post-55","page","type-page","status-publish","hentry"],"acf":[],"_links":{"self":[{"href":"https:\/\/gowa.de\/index.php?rest_route=\/wp\/v2\/pages\/55","targetHints":{"allow":["GET"]}}],"collection":[{"href":"https:\/\/gowa.de\/index.php?rest_route=\/wp\/v2\/pages"}],"about":[{"href":"https:\/\/gowa.de\/index.php?rest_route=\/wp\/v2\/types\/page"}],"author":[{"embeddable":true,"href":"https:\/\/gowa.de\/index.php?rest_route=\/wp\/v2\/users\/1"}],"replies":[{"embeddable":true,"href":"https:\/\/gowa.de\/index.php?rest_route=%2Fwp%2Fv2%2Fcomments&post=55"}],"version-history":[{"count":10,"href":"https:\/\/gowa.de\/index.php?rest_route=\/wp\/v2\/pages\/55\/revisions"}],"predecessor-version":[{"id":365,"href":"https:\/\/gowa.de\/index.php?rest_route=\/wp\/v2\/pages\/55\/revisions\/365"}],"wp:attachment":[{"href":"https:\/\/gowa.de\/index.php?rest_route=%2Fwp%2Fv2%2Fmedia&parent=55"}],"curies":[{"name":"wp","href":"https:\/\/api.w.org\/{rel}","templated":true}]}}