{"id":359,"date":"2025-05-12T14:11:21","date_gmt":"2025-05-12T12:11:21","guid":{"rendered":"https:\/\/gowa.de\/?page_id=359"},"modified":"2025-05-22T09:57:42","modified_gmt":"2025-05-22T07:57:42","slug":"lohngalvanik","status":"publish","type":"page","link":"https:\/\/gowa.de\/?page_id=359","title":{"rendered":"Lohngalvanik"},"content":{"rendered":"<section class=\"l-section wpb_row height_huge full_height valign_center width_full with_img\"><div class=\"l-section-img\" role=\"img\" data-img-width=\"2560\" data-img-height=\"1707\" style=\"background-image: url(https:\/\/gowa.de\/wp-content\/uploads\/2024\/09\/GOWA_IdarOberstein-53-copy-scaled.jpg);\"><\/div><div class=\"l-section-overlay\" style=\"background:rgba(13,13,13,0.68)\"><\/div><div class=\"l-section-h i-cf\"><div class=\"g-cols vc_row via_grid cols_1 laptops-cols_inherit tablets-cols_inherit mobiles-cols_1 valign_top type_default stacking_default\"><div class=\"wpb_column vc_column_container\"><div class=\"vc_column-inner\"><div class=\"g-cols wpb_row us_custom_df7f25f5 via_grid cols_2 laptops-cols_inherit tablets-cols_inherit mobiles-cols_1 valign_top type_default stacking_default\" style=\"--gap:3rem;\"><div class=\"wpb_column vc_column_container\"><div class=\"vc_column-inner\"><div class=\"w-separator size_huge\"><\/div><div class=\"w-separator size_huge\"><\/div><div class=\"w-separator size_huge\"><\/div><div class=\"wpb_text_column\"><div class=\"wpb_wrapper\"><h1 style=\"text-align: center;\"><span style=\"color: #b4952c;\"><span style=\"color: #ffffff;\">LOHN<\/span>GALVANIK<br \/>\n<\/span><\/h1>\n<\/div><\/div><\/div><\/div><div class=\"wpb_column vc_column_container\"><div class=\"vc_column-inner\"><\/div><\/div><\/div><div class=\"w-separator size_huge\"><\/div><div class=\"w-separator size_huge\"><\/div><div class=\"w-iconbox iconpos_top style_default color_primary align_center no_text no_title\"><a href=\"#section-01\" class=\"w-iconbox-link\" aria-label=\"fal|arrow-alt-circle-down\"><div class=\"w-iconbox-icon\" style=\"font-size:2rem;\"><i class=\"fal fa-arrow-alt-circle-down\"><\/i><\/div><\/a><div class=\"w-iconbox-meta\"><\/div><\/div><\/div><\/div><\/div><\/div><\/section><section class=\"l-section wpb_row height_medium\" id=\"section-01\"><div class=\"l-section-h i-cf\"><div class=\"g-cols vc_row via_grid cols_1 laptops-cols_inherit tablets-cols_inherit mobiles-cols_1 valign_top type_default stacking_default\"><div class=\"wpb_column vc_column_container\"><div class=\"vc_column-inner\"><div class=\"g-cols wpb_row via_grid cols_2 laptops-cols_inherit tablets-cols_inherit mobiles-cols_1 valign_top type_default\" style=\"--gap:6vh;\"><div class=\"wpb_column vc_column_container\"><div class=\"vc_column-inner\"><div class=\"wpb_text_column\"><div class=\"wpb_wrapper\"><h5 style=\"text-align: right;\">LOHNGALVANIK<\/h5>\n<\/div><\/div><div class=\"w-separator size_large\"><\/div><div class=\"w-image us_custom_9cf479d2 align_none\"><div class=\"w-image-h\"><img loading=\"lazy\" decoding=\"async\" width=\"1024\" height=\"682\" src=\"https:\/\/gowa.de\/wp-content\/uploads\/2024\/09\/GOWA_IdarOberstein-38_-1024x682.jpg\" class=\"attachment-large size-large\" alt=\"\" srcset=\"https:\/\/gowa.de\/wp-content\/uploads\/2024\/09\/GOWA_IdarOberstein-38_-1024x682.jpg 1024w, https:\/\/gowa.de\/wp-content\/uploads\/2024\/09\/GOWA_IdarOberstein-38_-300x200.jpg 300w, https:\/\/gowa.de\/wp-content\/uploads\/2024\/09\/GOWA_IdarOberstein-38_.jpg 1642w\" sizes=\"auto, (max-width: 1024px) 100vw, 1024px\" \/><\/div><\/div><div class=\"w-separator size_large\"><\/div><div class=\"w-image us_custom_9cf479d2 align_none\"><div class=\"w-image-h\"><img loading=\"lazy\" decoding=\"async\" width=\"1024\" height=\"709\" src=\"https:\/\/gowa.de\/wp-content\/uploads\/2025\/04\/orden-1024x709.jpg\" class=\"attachment-large size-large\" alt=\"\" srcset=\"https:\/\/gowa.de\/wp-content\/uploads\/2025\/04\/orden-1024x709.jpg 1024w, https:\/\/gowa.de\/wp-content\/uploads\/2025\/04\/orden-300x208.jpg 300w\" sizes=\"auto, (max-width: 1024px) 100vw, 1024px\" \/><\/div><\/div><\/div><\/div><div class=\"wpb_column vc_column_container\"><div class=\"vc_column-inner\"><div class=\"wpb_text_column\"><div class=\"wpb_wrapper\"><p>Als erfahrener Partner der Galvanotechnik stehen wir Ihrem Unternehmen gerne mit unserem Wissen und Erfahrungen zur Seite. Wir verleihen Ihren Produkten die entsprechende Beschichtung!<\/p>\n<p>Unsere Galvanikb\u00e4der eignen sich sowohl fu\u0308r dekorative als auch fu\u0308r technische Teile. Gestellware sowie Trommelware k\u00f6nnen wir in unseren B\u00e4dern bearbeiten.<\/p>\n<p><strong><br \/>\nB\u00e4der<\/strong><\/p>\n<ul>\n<li>Feingoldbad fu\u0308r eine Schichtdicke bis 20\u03bcm<\/li>\n<li>Farbgoldb\u00e4der 18kt + 14 kt.<\/li>\n<li>Haftgoldbad fu\u0308r Beschichtungen von Edelstahl geeignet<\/li>\n<li>Rosegoldbad fu\u0308r Schichtdicke bis 10\u03bcm<\/li>\n<li>Glanzsilberbad mit einer maximalen Schichtdicke bis 100\u03bcm<\/li>\n<li>Rhodiumbad fu\u0308r eine Schichtdicke bis zu 5\u03bcm<\/li>\n<li>Schwarzrutheniumbad fu\u0308r Schichtst\u00e4rken bis zu 0,5\u03bcm<\/li>\n<li>Wei\u00dfbronzebad mit hohen H\u00e4rtewerten, glanzbildend<\/li>\n<li>Palladiumbad fu\u0308r helle \u00dcberzu\u0308ge, Schichtst\u00e4rke bis zu 0,5 \u03bcm<\/li>\n<li>Kupferb\u00e4der<\/li>\n<li>Nickelb\u00e4der<\/li>\n<\/ul>\n<\/div><\/div><\/div><\/div><\/div><\/div><\/div><\/div><\/div><\/section><section class=\"l-section wpb_row height_medium\"><div class=\"l-section-h i-cf\"><div class=\"g-cols vc_row via_grid cols_1 laptops-cols_inherit tablets-cols_inherit mobiles-cols_1 valign_top type_default stacking_default\"><div class=\"wpb_column vc_column_container\"><div class=\"vc_column-inner\"><div class=\"g-cols wpb_row us_custom_c0a2dde0 us_animate_this via_grid cols_1 laptops-cols_inherit tablets-cols_inherit mobiles-cols_1 valign_top type_default stacking_default\" style=\"--gap:2rem;\"><div class=\"wpb_column vc_column_container us_custom_4984ff3b has_bg_color\"><div class=\"vc_column-inner\"><div class=\"w-separator size_large\"><\/div><div class=\"w-separator size_large\"><\/div><div class=\"w-separator size_large\"><\/div><div class=\"w-separator size_large\"><\/div><div class=\"w-separator size_large\"><\/div><\/div><\/div><\/div><\/div><\/div><\/div><\/div><\/section><section class=\"l-section wpb_row us_custom_5b82bc21 height_medium\"><div class=\"l-section-h i-cf\"><div class=\"g-cols vc_row via_grid cols_1 laptops-cols_inherit tablets-cols_inherit mobiles-cols_1 valign_top type_default stacking_default\"><div class=\"wpb_column vc_column_container\"><div class=\"vc_column-inner\"><div class=\"g-cols wpb_row via_grid cols_2 laptops-cols_inherit tablets-cols_inherit mobiles-cols_1 valign_top type_default stacking_default\" style=\"--gap:2rem;\"><div class=\"wpb_column vc_column_container us_custom_6a8269ea\"><div class=\"vc_column-inner\"><div class=\"wpb_text_column\"><div class=\"wpb_wrapper\"><h5 style=\"text-align: right;\">OBERFL\u00c4CHEN<br \/>\nNACH IHREN W\u00dcNSCHEN.<\/h5>\n<\/div><\/div><div class=\"wpb_text_column\"><div class=\"wpb_wrapper\"><h5 style=\"text-align: right;\">SPRECHEN SIE<br \/>\nUNS EINFACH AN!<\/h5>\n<\/div><\/div><div class=\"w-separator size_large\"><\/div><\/div><\/div><div class=\"wpb_column vc_column_container us_custom_33a5278b has_bg_color\"><div class=\"vc_column-inner\"><div class=\"wpb_text_column us_custom_8b3d6790 has_text_color\"><div class=\"wpb_wrapper\"><p><span lang=\"de\">Als Spezialist der Lohngalvanik und Oberfl\u00e4chenveredelung sowie Uhr- und Brillenketten aller Art beraten wir Sie gerne!<\/span><\/p>\n<\/div><\/div><div class=\"w-separator size_medium\"><\/div><div class=\"w-btn-wrapper align_none\"><a class=\"w-btn us-btn-style_1\" href=\"https:\/\/gowa.de\/kontakt\/\"><span class=\"w-btn-label\">Kontakt aufnehmen<\/span><\/a><\/div><\/div><\/div><\/div><div class=\"w-separator size_small\"><\/div><\/div><\/div><\/div><\/div><\/section>\n","protected":false},"excerpt":{"rendered":"LOHNGALVANIK LOHNGALVANIK Als erfahrener Partner der Galvanotechnik stehen wir Ihrem Unternehmen gerne mit unserem Wissen und Erfahrungen zur Seite. Wir verleihen Ihren Produkten die entsprechende Beschichtung! Unsere Galvanikb\u00e4der eignen sich sowohl fu\u0308r dekorative als auch fu\u0308r technische Teile. Gestellware sowie Trommelware k\u00f6nnen wir in unseren B\u00e4dern bearbeiten. B\u00e4der Feingoldbad fu\u0308r eine Schichtdicke bis 20\u03bcm Farbgoldb\u00e4der...","protected":false},"author":1,"featured_media":0,"parent":0,"menu_order":0,"comment_status":"closed","ping_status":"closed","template":"","meta":{"_acf_changed":false,"footnotes":""},"class_list":["post-359","page","type-page","status-publish","hentry"],"acf":[],"_links":{"self":[{"href":"https:\/\/gowa.de\/index.php?rest_route=\/wp\/v2\/pages\/359","targetHints":{"allow":["GET"]}}],"collection":[{"href":"https:\/\/gowa.de\/index.php?rest_route=\/wp\/v2\/pages"}],"about":[{"href":"https:\/\/gowa.de\/index.php?rest_route=\/wp\/v2\/types\/page"}],"author":[{"embeddable":true,"href":"https:\/\/gowa.de\/index.php?rest_route=\/wp\/v2\/users\/1"}],"replies":[{"embeddable":true,"href":"https:\/\/gowa.de\/index.php?rest_route=%2Fwp%2Fv2%2Fcomments&post=359"}],"version-history":[{"count":2,"href":"https:\/\/gowa.de\/index.php?rest_route=\/wp\/v2\/pages\/359\/revisions"}],"predecessor-version":[{"id":366,"href":"https:\/\/gowa.de\/index.php?rest_route=\/wp\/v2\/pages\/359\/revisions\/366"}],"wp:attachment":[{"href":"https:\/\/gowa.de\/index.php?rest_route=%2Fwp%2Fv2%2Fmedia&parent=359"}],"curies":[{"name":"wp","href":"https:\/\/api.w.org\/{rel}","templated":true}]}}