{"id":172,"date":"2024-09-05T11:22:21","date_gmt":"2024-09-05T09:22:21","guid":{"rendered":"https:\/\/gowa.de\/?page_id=172"},"modified":"2024-09-05T11:22:21","modified_gmt":"2024-09-05T09:22:21","slug":"agb","status":"publish","type":"page","link":"https:\/\/gowa.de\/?page_id=172","title":{"rendered":"AGB"},"content":{"rendered":"<section class=\"l-section wpb_row height_medium\"><div class=\"l-section-h i-cf\"><div class=\"g-cols vc_row via_grid cols_1 laptops-cols_inherit tablets-cols_inherit mobiles-cols_1 valign_top type_default stacking_default\"><div class=\"wpb_column vc_column_container\"><div class=\"vc_column-inner\"><div class=\"wpb_text_column\"><div class=\"wpb_wrapper\"><h1>Allgemeine Gesch\u00e4ftsbedingungen<\/h1>\n<p>1. Allgemeines:<br \/>\nWir \u00fcbernehmen alle Auftr\u00e4ge nur zu unseren Lieferungs- &amp; Zahlungsbedingungen. Abweichungen bed\u00fcrfen unserer schriftlichen Best\u00e4tigung. Die Bedingungen gelten auch f\u00fcr alle k\u00fcnftigen Vertr\u00e4ge, unabh\u00e4ngig davon, ob im Einzelfall darauf hingewiesen wird oder nicht. Entgegenstehende Gesch\u00e4ftsbedingungen eines Gesch\u00e4ftspartners gelten nicht, auch wenn wir diesen nicht ausdr\u00fccklich widersprochen. Sollten einzelne Teile unserer Lieferungs- &amp; Zahlungsbedingungen unwirksam oder durch schriftliche Sondervereinbarung ausgeschlossen sein, so wird dadurch die Wirksamkeit der \u00fcbrigen Bestimmungen nicht ber\u00fchrt. Unsere Angebote sind unverbindlich. Auftr\u00e4ge werden f\u00fcr uns erst durch unsere schriftliche Best\u00e4tigung verbindlich. Das gleiche gilt f\u00fcr m\u00fcndliche Abredungen und Erkl\u00e4rungen jeder Art.<\/p>\n<p>2. Preisgestaltung:<br \/>\nUnseren Preisen liegen die gegenw\u00e4rtig g\u00fcltigen Lohn-, Material- &amp; Energiekosten zu Grunde. Sollte sich bei diesen Kosten bis zur Lieferung eine \u00c4nderung ergeben, so behalten wir uns eine Preisanpassung vor. Unsere Preise gelten ab Werk, bei freier Anlieferung durch den Besteller, ausschlie\u00dflich Verpackung und zuz\u00fcglich gesetzlicher Mehrwertsteuer.<\/p>\n<p>3. Lieferung:<br \/>\nLiefertermine sind nur dann verbindlich, wenn sie schriftlich vereinbart sind. Wird ein solcher Liefertermin \u00fcberschritten, so hat der Besteller das Recht, uns eine angemessene Nachfrist zu setzen. Halten wir auch diese Nachfrist nicht ein, so kann der Besteller vom Vertrag zur\u00fccktreten. Schadenersatzanspr\u00fcche wegen Nichterf\u00fcllung werden ausgeschlossen. Wird die Erf\u00fcllung unserer Verpflichtungen durch den Eintritt unvorhergesehener Umst\u00e4nde, die trotz zumutbarer Sorgfalt nicht abgewendet werden konnten \u2013 gleichviel, ob die Umst\u00e4nde in unserem Werk oder bei einem Unterlieferanten eintreten-, erschwert oder verhindert, so verl\u00e4ngert sich die Fertigstellung in angemessenen Umfange. Das gilt insbesondere f\u00fcr F\u00e4lle von Betriebsst\u00f6rungen, Ausfall von Arbeitskr\u00e4ften, beh\u00f6rdlicher Ma\u00dfnahmen und Verz\u00f6gerung in der Anlieferung wesentliche Rohmaterialien. Wir sind in den genannten F\u00e4llen auch berechtigt, ganz oder teilweise vom Vertrag zur\u00fcckzutreten. Auch Ereignisse h\u00f6herer Gewalt, zum Beispiel Unruhen, Streik, Aussperrung und Ausbleiben von Zulieferungen unserer Lieferanten berechti- gen uns die Lieferung entsprechend hinauszuschieben oder ganz oder teilweise vom Vertrag zur\u00fcckzutreten. Der Besteller kann uns in den genannten F\u00e4llen eine Frist von einer Woche zur Abgabe der Erkl\u00e4rung setzen, ob wir zur\u00fccktreten oder innerhalb angemessener Zeit liefern wollen. Falls wir uns innerhalb der vom Besteller gesetzten Frist nicht erkl\u00e4ren, kann der Besteller vom Vertrag zur\u00fccktreten. Weitergehende Anspr\u00fcche werden ausgeschlossen.<\/p>\n<p>4. Zahlung:<br \/>\nUnsere Rechnungen sind zahlbar innerhalb 10 Tagen nach Rechnungsdatum netto Kasse. Beanstandungen, Einreden oder Gegenanspr\u00fcche, die nicht rechtm\u00e4\u00dfig gestellt oder von uns schriftlich anerkannt sind, berechtigen den Besteller nicht, ein Zur\u00fcckbehaltungsrecht gegen uns geltend zu machen, gegen unsere Forderungen aufzurechnen oder in sonstiger Weise die Erf\u00fcllung seiner Verpflichtungen zu verweigern. Ger\u00e4t der Besteller mit seiner Zahlung in Verzug oder wird das Vergleichs- oder Insolvenzverfahren \u00fcber sein Verm\u00f6gen er\u00f6ffnet oder tritt in sonstiger Weise eine wesentliche Verschlechterung seiner Verm\u00f6gensverh\u00e4ltnisse ein, so haben wir das Recht, ohne R\u00fccksicht auf F\u00e4lligkeiten etwaige Stundungsabreden oder die Laufzeit hereingenommener Schecks oder Wechsel sofortige Zahlung aller offenen Rechnungen zu verlangen. Wir sind in diesem F\u00e4llen auch berechtigt, noch nicht durchgef\u00fchrte Lieferungen nur gegen Vorauszahlung auszuf\u00fchren oder vom Vertrage zur\u00fcckzutreten. Bei Ziel\u00fcberschreitungen behalten wir uns vor, Verzugszinsen in H\u00f6he von 3 % \u00fcber dem jeweiligen Diskontsatz der Deutschen Bundesbank zu berechnen.<\/p>\n<p>5. Eigentumsvorbehalt &amp; sonstige Sicherungsrechte:<br \/>\nSoweit wir auf Grund der Vorschriften des BGB durch Verarbeitung oder Umbildung der uns gelieferten Waren Eigentumsrechte an diesen erwerben, behalten wir uns das Eigentum bis zur v\u00f6lligen Begleichung aller unserer Anspr\u00fcche aus der bestehenden Gesch\u00e4ftsverbindung vor. Das gilt auch dann, wenn die Gegenst\u00e4nde vom Besteller weiter geliefert werden oder verarbeitet werden. Wird die unter Eigentumsvorbehalt stehende Ware durch den Besteller weiter verkauft oder sonst verwertet, so gelten die gesamten Forderungen, die der Besteller erwirbt, mit allen Neben- &amp; Sicherungsrechten als an uns abgetreten Gottlieb &amp; Wagner GmbH &amp; Co. KG, <span lang=\"de\"> Wasenstr. 39a, 55743 Idar-Oberstein<\/span> und zwar vom Tage unseres Vertragsabschlu\u00dfes an. Ferner stehen uns wegen unserer Anspr\u00fcche ein Zur\u00fcckbehaltungsrecht sowie ein Pfandrecht an den uns zur Bearbeitung \u00fcbergebenen Waren zu. Das Zur\u00fcckbehaltungsrecht kann ebenso wie das Pfandrecht auch gegen Forderungen aus fr\u00fcheren Auftr\u00e4gen und sonstigen Anspr\u00fcchen aus der Gesch\u00e4ftsverbindung geltend gemacht werden. Soweit der Wert der uns nach den vorstehenden Bestimmungen zustehenden Sicherheiten den Betrag der offenen Forderungen erheblich \u00fcberdeckt, sind wir bereit, einzelne Sicherheiten oder Teile einer bestimmten Sicher- heit unverz\u00fcglich nach Bekanntwerden der \u00dcberdeckung freizugeben.<\/p>\n<p>6. Gew\u00e4hrleistungsverpflichtungen:<br \/>\nVoraussetzungen zur Erzielung einer einwandfreien galvanischen Bearbeitung sind:<br \/>\na) ein fehlerloses Grundmaterial ohne Risse und Poren<br \/>\nb) eine nach mechanischer Verarbeitung dichtgeschlossene Oberfl\u00e4che, lunker- und schleifkommafrei sowie ohne Ziehfehler und Walzendoppelungen. Durch das Galvanisieren werden Poren, Kratzer, Risse, Schlagstellen, Verquetschungen, Strukturfehler und starke Verunreini- gungen an der Materialoberfl\u00e4che nicht eingeebnet oder beseitigt. Ist das uns zur Oberfl\u00e4chenveredelung angelieferte Material aus f\u00fcr uns nicht erkennbaren Gr\u00fcnden technologisch f\u00fcr eine derartige Oberfl\u00e4chenbehandlung nicht geeignet, \u00fcbernehmen wir keine Gew\u00e4hr. Etwaige Mehrkosten sind uns zu ersetzen. Wir sind nicht verpflichtet, dies uns angelieferte Material vor der Bearbeitung auf das Vorliegen der genannten Voraussetzungen zu pr\u00fcfen. Wir gew\u00e4hrleisten sorgf\u00e4ltige und fachm\u00e4nnische Ausf\u00fchrung der \u00fcbernommenen Arbeiten. F\u00fcr einen bestimmten Erfolg stehen wir nur dann ein, wenn dies ausdr\u00fccklich schriftlich zugesichert ist. Dies gilt auch f\u00fcr die F\u00e4lle, in denen wir vor Erteilung des Auftrages Muster geliefert haben. Der Besteller hat die von uns bearbeitete Ware nach Eingang unverz\u00fcglich zu pr\u00fcfen und etwaige Beanstandungen umgehend vorzubringen. M\u00e4ngelr\u00fcgen bei M\u00e4ngeln, die bei Anwendung geeigneter und zumutbarer Pr\u00fcfverfahren erkennbar sind, werden nur ber\u00fccksichtigt, wenn sie sp\u00e4testens eine Woche nach Erhalt der Ware bei uns einge- hen. Bei Beanstandungen mu\u00df uns Gelegenheit zur Nachpr\u00fcfung, erforderlichenfalls an Ort und Stelle, gegeben werden. Vorgaben des Bestellers \u00fcber Spezialbearbeitung oder bestimmte Materialauflagen werden im Rahmen der technischen M\u00f6glichkeiten unseres Betriebes und unter Beachtung branchen\u00fcblicher Toleranzen eingehalten. Eine Haftung f\u00fcr die Nichteinhaltung von Materialauflagen wird nicht \u00fcbernommen. Bearbeitungsm\u00e4ngel beseitigen wir in unserem Betrieb innerhalb einer angemessenen Nachfrist. Kommen wir unserer Nachbesserungspflicht nicht ordnungsgem\u00e4\u00df nach, so kann der Besteller Minderung der vereinbarten Verg\u00fctung verlangen oder, wenn unsere bis dahin erbrachte Leistung f\u00fcr ihn unbrauchbar ist, vom Vertrag zur\u00fccktreten. Weitergehende Gew\u00e4hrleistungsanspr\u00fcche, insbesondere auf Ersatz von Material oder entgangenen Gewinn sind ausgeschlossen. Wird angelieferte Ware durch Bearbeitungsfehler unbrauchbar, so wird die Bearbeitung von Ersatzst\u00fccken im Umfange der urspr\u00fcnglichen Bestellung verpflichtet. Soweit Schadenersatzanspr\u00fcche gegen uns begr\u00fcndet sind. erstatten wir den Schaden bis zur H\u00f6he der Auftragssumme. Bei Kleinteilen und Serienartikeln wird f\u00fcr Fehlmengen bzw. Ausschu\u00df bis zur H\u00f6he von 3 % des Gesamtauftrages keine Haftung \u00fcbernommen. Weitergehende Ersatzanspr\u00fcche werden ausgeschlossen. Nach Ablauf von drei Monaten seit Gefahr\u00fcbergang verj\u00e4hrt der Anspruch auf Gew\u00e4hrleistung und Schadenshaftung.<\/p>\n<p>7. Transport &amp; Lagerung:<br \/>\nVon uns verauslagte Transportkosten, auch Rollgeld, Lagergeld usw., stellen wir in Rechnung. Versicherun- gen und Lieferungen werden nur auf Wunsch des Bestellers und auf dessen Kosten abgeschlossen. Soweit wir mit werkseigenen Fahrzeugen liefern, wird unsere Haftung auf etwaige Versicherungsleistungen beschr\u00e4nkt. Die Gefahr f\u00fcr alle Transporte sowie f\u00fcr alle Lagerungen tr\u00e4gt der Besteller.<\/p>\n<p>8. Rechtswahl &amp; Gerichtsstand:<br \/>\nEs gilt auch bei Rechtsgesch\u00e4ften mit Auslandsber\u00fchrung ausschlie\u00dflich deutsches Recht. Die Geltung des Haager internationalen Kaufrechts wird ausgeschlossen. Erf\u00fcllungsort ist Idar-Oberstein und ausschlie\u00dflich Gerichtsstand f\u00fcr alle Streitigkeiten ist Idar-Oberstein. Wir sind jedoch berechtigt, den Besteller auch an seinem Sitz oder Wohnort \u2013 bei Vertr\u00e4gen mit Auslandsber\u00fchrung auch in der Hauptstadt des Empfangslandes \u2013 zu verklagen.<\/p>\n<\/div><\/div><\/div><\/div><\/div><\/div><\/section>\n","protected":false},"excerpt":{"rendered":"Allgemeine Gesch\u00e4ftsbedingungen 1. Allgemeines: Wir \u00fcbernehmen alle Auftr\u00e4ge nur zu unseren Lieferungs- &amp; Zahlungsbedingungen. Abweichungen bed\u00fcrfen unserer schriftlichen Best\u00e4tigung. Die Bedingungen gelten auch f\u00fcr alle k\u00fcnftigen Vertr\u00e4ge, unabh\u00e4ngig davon, ob im Einzelfall darauf hingewiesen wird oder nicht. Entgegenstehende Gesch\u00e4ftsbedingungen eines Gesch\u00e4ftspartners gelten nicht, auch wenn wir diesen nicht ausdr\u00fccklich widersprochen. Sollten einzelne Teile unserer Lieferungs-...","protected":false},"author":1,"featured_media":0,"parent":0,"menu_order":0,"comment_status":"closed","ping_status":"closed","template":"","meta":{"_acf_changed":false,"footnotes":""},"class_list":["post-172","page","type-page","status-publish","hentry"],"acf":[],"_links":{"self":[{"href":"https:\/\/gowa.de\/index.php?rest_route=\/wp\/v2\/pages\/172","targetHints":{"allow":["GET"]}}],"collection":[{"href":"https:\/\/gowa.de\/index.php?rest_route=\/wp\/v2\/pages"}],"about":[{"href":"https:\/\/gowa.de\/index.php?rest_route=\/wp\/v2\/types\/page"}],"author":[{"embeddable":true,"href":"https:\/\/gowa.de\/index.php?rest_route=\/wp\/v2\/users\/1"}],"replies":[{"embeddable":true,"href":"https:\/\/gowa.de\/index.php?rest_route=%2Fwp%2Fv2%2Fcomments&post=172"}],"version-history":[{"count":1,"href":"https:\/\/gowa.de\/index.php?rest_route=\/wp\/v2\/pages\/172\/revisions"}],"predecessor-version":[{"id":173,"href":"https:\/\/gowa.de\/index.php?rest_route=\/wp\/v2\/pages\/172\/revisions\/173"}],"wp:attachment":[{"href":"https:\/\/gowa.de\/index.php?rest_route=%2Fwp%2Fv2%2Fmedia&parent=172"}],"curies":[{"name":"wp","href":"https:\/\/api.w.org\/{rel}","templated":true}]}}