{"id":10,"date":"2023-11-15T09:00:00","date_gmt":"2023-11-15T08:00:00","guid":{"rendered":"https:\/\/gowa.de\/startseite\/"},"modified":"2025-08-20T11:41:19","modified_gmt":"2025-08-20T09:41:19","slug":"startseite","status":"publish","type":"page","link":"https:\/\/gowa.de\/","title":{"rendered":"Startseite"},"content":{"rendered":"<section class=\"l-section wpb_row height_huge full_height valign_center width_full with_img\"><div class=\"l-section-img\" role=\"img\" data-img-width=\"1200\" data-img-height=\"800\" style=\"background-image: url(https:\/\/gowa.de\/wp-content\/uploads\/2024\/09\/GOWA_IdarOberstein-100.jpg);\"><\/div><div class=\"l-section-overlay\" style=\"background:rgba(13,13,13,0.50)\"><\/div><div class=\"l-section-h i-cf\"><div class=\"g-cols vc_row via_grid cols_1 laptops-cols_inherit tablets-cols_inherit mobiles-cols_1 valign_top type_default stacking_default\"><div class=\"wpb_column vc_column_container\"><div class=\"vc_column-inner\"><div class=\"wpb_text_column\"><div class=\"wpb_wrapper\"><h2 style=\"text-align: center;\"><img loading=\"lazy\" decoding=\"async\" class=\"alignnone wp-image-23\" src=\"https:\/\/gowa.de\/wp-content\/uploads\/2023\/11\/gowa_logo_negativ-300x105.png\" alt=\"\" width=\"486\" height=\"170\" srcset=\"https:\/\/gowa.de\/wp-content\/uploads\/2023\/11\/gowa_logo_negativ-300x105.png 300w, https:\/\/gowa.de\/wp-content\/uploads\/2023\/11\/gowa_logo_negativ-1024x357.png 1024w, https:\/\/gowa.de\/wp-content\/uploads\/2023\/11\/gowa_logo_negativ.png 1205w\" sizes=\"auto, (max-width: 486px) 100vw, 486px\" \/><\/h2>\n<h3 style=\"text-align: center;\"><\/h3>\n<\/div><\/div><div class=\"w-separator size_small\"><\/div><div class=\"w-separator size_small\"><\/div><div class=\"wpb_text_column\"><div class=\"wpb_wrapper\"><h3 style=\"text-align: center;\"><span style=\"color: #b4952c;\">Eine gl\u00e4nzende Verbindung!<\/span><br \/>\n<span style=\"color: #b4952c;\">Seit 1866<\/span><\/h3>\n<\/div><\/div><div class=\"w-separator size_huge\"><\/div><div class=\"w-separator size_huge\"><\/div><div class=\"w-iconbox iconpos_top style_default color_primary align_center no_text no_title\"><a href=\"#section-01\" class=\"w-iconbox-link\" aria-label=\"fal|arrow-alt-circle-down\"><div class=\"w-iconbox-icon\" style=\"font-size:2rem;\"><i class=\"fal fa-arrow-alt-circle-down\"><\/i><\/div><\/a><div class=\"w-iconbox-meta\"><\/div><\/div><\/div><\/div><\/div><\/div><\/section><section class=\"l-section wpb_row height_medium\" id=\"section-01\"><div class=\"l-section-h i-cf\"><div class=\"g-cols vc_row via_grid cols_1 laptops-cols_inherit tablets-cols_inherit mobiles-cols_1 valign_top type_default stacking_default\"><div class=\"wpb_column vc_column_container\"><div class=\"vc_column-inner\"><div class=\"w-separator size_large\"><\/div><div class=\"g-cols wpb_row via_grid cols_2 laptops-cols_inherit tablets-cols_inherit mobiles-cols_1 valign_top type_default\" style=\"--gap:6vh;\"><div class=\"wpb_column vc_column_container\"><div class=\"vc_column-inner\"><div class=\"wpb_text_column\"><div class=\"wpb_wrapper\"><h5 style=\"text-align: right;\">QUALIT\u00c4T UND VIELFALT<br \/>\nSEIT 1866<\/h5>\n<\/div><\/div><\/div><\/div><div class=\"wpb_column vc_column_container\"><div class=\"vc_column-inner\"><div class=\"wpb_text_column\"><div class=\"wpb_wrapper\"><p>Als Spezialist der Lohngalvanik und Oberfl\u00e4chenveredelung<br \/>\nsowie Hersteller Uhr- und Brillenketten aller Art hei\u00dfen wir Sie herzlich willkommen auf unserer Website!<br \/>\nUnser Unternehmen pr\u00e4gt eine u\u0308ber 150 Jahre alte Erfolgsgeschichte.<br \/>\nErfahren Sie mehr u\u0308ber uns und unsere Leistungen.<br \/>\nWir freuen uns auf Ihre Anfrage.<\/p>\n<\/div><\/div><\/div><\/div><\/div><\/div><\/div><\/div><\/div><\/section><section class=\"l-section wpb_row height_medium\"><div class=\"l-section-h i-cf\"><div class=\"g-cols vc_row via_grid cols_1 laptops-cols_inherit tablets-cols_inherit mobiles-cols_1 valign_top type_default stacking_default\"><div class=\"wpb_column vc_column_container\"><div class=\"vc_column-inner\"><div class=\"g-cols wpb_row via_grid cols_2 laptops-cols_inherit tablets-cols_inherit mobiles-cols_1 valign_top type_default stacking_default\" style=\"--gap:2rem;\"><div class=\"wpb_column vc_column_container us_custom_8f3c6b4c us_animate_this has_bg_color\"><div class=\"vc_column-inner\"><div class=\"w-separator size_large\"><\/div><div class=\"wpb_text_column us_custom_2b7fb3ae has_text_color\"><div class=\"wpb_wrapper\"><h5 style=\"text-align: center;\"><a href=\"https:\/\/gowa.de\/?page_id=359\">LOHNGALVANIK<\/a><\/h5>\n<\/div><\/div><div class=\"w-separator size_large\"><\/div><\/div><\/div><div class=\"wpb_column vc_column_container us_custom_379696bd us_animate_this has_bg_color\"><div class=\"vc_column-inner\"><div class=\"w-separator size_large\"><\/div><div class=\"wpb_text_column us_custom_2b7fb3ae has_text_color\"><div class=\"wpb_wrapper\"><h5 style=\"text-align: center;\"><a href=\"https:\/\/gowa.de\/?page_id=99\/#aufbereitung\">AUFBEREITUNG<\/a><\/h5>\n<\/div><\/div><div class=\"w-separator size_large\"><\/div><\/div><\/div><\/div><div class=\"w-separator size_small\"><\/div><div class=\"g-cols wpb_row via_grid cols_2 laptops-cols_inherit tablets-cols_inherit mobiles-cols_1 valign_top type_default stacking_default\" style=\"--gap:2rem;\"><div class=\"wpb_column vc_column_container us_custom_55c26464 us_animate_this has_bg_color\"><div class=\"vc_column-inner\"><div class=\"w-separator size_large\"><\/div><div class=\"wpb_text_column us_custom_2b7fb3ae has_text_color\"><div class=\"wpb_wrapper\"><h5 style=\"text-align: center;\"><a href=\"https:\/\/gowa.de\/?page_id=99\/#loeten\">L\u00d6TARBEITEN<\/a><\/h5>\n<\/div><\/div><div class=\"w-separator size_large\"><\/div><\/div><\/div><div class=\"wpb_column vc_column_container us_custom_bc1b10f8 us_animate_this has_bg_color\"><div class=\"vc_column-inner\"><div class=\"w-separator size_large\"><\/div><div class=\"wpb_text_column us_custom_2b7fb3ae has_text_color\"><div class=\"wpb_wrapper\"><h5 style=\"text-align: center;\"><a href=\"https:\/\/gowa.de\/?page_id=99\/#ketten\">KETTEN<\/a><\/h5>\n<\/div><\/div><div class=\"w-separator size_large\"><\/div><\/div><\/div><\/div><div class=\"w-separator size_small\"><\/div><div class=\"g-cols wpb_row via_grid cols_1 laptops-cols_inherit tablets-cols_inherit mobiles-cols_1 valign_middle type_default stacking_default\" style=\"--gap:2rem;\"><div class=\"wpb_column vc_column_container us_custom_79ca2dd3 us_animate_this has_bg_color\"><div class=\"vc_column-inner\"><div class=\"w-separator size_large\"><\/div><div class=\"wpb_text_column us_custom_2b7fb3ae has_text_color\"><div class=\"wpb_wrapper\"><h5 style=\"text-align: center;\"><a href=\"https:\/\/gowa.de\/?page_id=99\/#zunft\">Zunftschmuck<\/a><\/h5>\n<\/div><\/div><div class=\"w-separator size_large\"><\/div><\/div><\/div><\/div><\/div><\/div><\/div><\/div><\/section><section class=\"l-section wpb_row us_custom_5b82bc21 height_medium\"><div class=\"l-section-h i-cf\"><div class=\"g-cols vc_row via_grid cols_1 laptops-cols_inherit tablets-cols_inherit mobiles-cols_1 valign_top type_default stacking_default\"><div class=\"wpb_column vc_column_container\"><div class=\"vc_column-inner\"><div class=\"g-cols wpb_row via_grid cols_2 laptops-cols_inherit tablets-cols_inherit mobiles-cols_1 valign_top type_default stacking_default\" style=\"--gap:2rem;\"><div class=\"wpb_column vc_column_container us_custom_6a8269ea\"><div class=\"vc_column-inner\"><div class=\"wpb_text_column\"><div class=\"wpb_wrapper\"><h5 style=\"text-align: right;\">BRILLIANTE L\u00d6SUNGEN<br \/>\nINDIVIDUELL UND PR\u00c4ZISE<\/h5>\n<\/div><\/div><div class=\"w-separator size_large\"><\/div><\/div><\/div><div class=\"wpb_column vc_column_container us_custom_33a5278b has_bg_color\"><div class=\"vc_column-inner\"><div class=\"wpb_text_column us_custom_8b3d6790 has_text_color\"><div class=\"wpb_wrapper\"><p>Die Lohngalvanik ist mittlerweile die wichtigste Facette im Leistungsspektrum unseres Unternehmens.<\/p>\n<p>Weiterhin ist Gottlieb &amp; Wagner bis auf den heutigen Tag Produzent von Ketten f\u00fcr Taschen- und Anh\u00e4ngeuhren, Brillenketten und Zunftschmuck.<\/p>\n<\/div><\/div><\/div><\/div><\/div><div class=\"w-separator size_small\"><\/div><\/div><\/div><\/div><\/div><\/section>\n","protected":false},"excerpt":{"rendered":"Eine gl\u00e4nzende Verbindung! Seit 1866 QUALIT\u00c4T UND VIELFALT SEIT 1866 Als Spezialist der Lohngalvanik und Oberfl\u00e4chenveredelung sowie Hersteller Uhr- und Brillenketten aller Art hei\u00dfen wir Sie herzlich willkommen auf unserer Website! Unser Unternehmen pr\u00e4gt eine u\u0308ber 150 Jahre alte Erfolgsgeschichte. Erfahren Sie mehr u\u0308ber uns und unsere Leistungen. Wir freuen uns auf Ihre Anfrage. LOHNGALVANIK...","protected":false},"author":1,"featured_media":0,"parent":0,"menu_order":0,"comment_status":"closed","ping_status":"closed","template":"","meta":{"_acf_changed":false,"footnotes":""},"class_list":["post-10","page","type-page","status-publish","hentry"],"acf":[],"_links":{"self":[{"href":"https:\/\/gowa.de\/index.php?rest_route=\/wp\/v2\/pages\/10","targetHints":{"allow":["GET"]}}],"collection":[{"href":"https:\/\/gowa.de\/index.php?rest_route=\/wp\/v2\/pages"}],"about":[{"href":"https:\/\/gowa.de\/index.php?rest_route=\/wp\/v2\/types\/page"}],"author":[{"embeddable":true,"href":"https:\/\/gowa.de\/index.php?rest_route=\/wp\/v2\/users\/1"}],"replies":[{"embeddable":true,"href":"https:\/\/gowa.de\/index.php?rest_route=%2Fwp%2Fv2%2Fcomments&post=10"}],"version-history":[{"count":10,"href":"https:\/\/gowa.de\/index.php?rest_route=\/wp\/v2\/pages\/10\/revisions"}],"predecessor-version":[{"id":376,"href":"https:\/\/gowa.de\/index.php?rest_route=\/wp\/v2\/pages\/10\/revisions\/376"}],"wp:attachment":[{"href":"https:\/\/gowa.de\/index.php?rest_route=%2Fwp%2Fv2%2Fmedia&parent=10"}],"curies":[{"name":"wp","href":"https:\/\/api.w.org\/{rel}","templated":true}]}}